{"id":24,"date":"2021-06-06T07:42:21","date_gmt":"2021-06-06T07:42:21","guid":{"rendered":"http:\/\/localhost:8888\/aquato\/?page_id=24"},"modified":"2026-02-25T15:45:01","modified_gmt":"2026-02-25T14:45:01","slug":"nos-services","status":"publish","type":"page","link":"https:\/\/aireausolution.tn\/index.php\/nos-services\/","title":{"rendered":"Nos Services"},"content":{"rendered":"\t\t<div data-elementor-type=\"wp-page\" data-elementor-id=\"24\" class=\"elementor elementor-24\">\n\t\t\t\t\t\t<section class=\"elementor-section elementor-top-section elementor-element elementor-element-e6a7073 elementor-section-full_width elementor-section-height-default elementor-section-height-default\" data-id=\"e6a7073\" data-element_type=\"section\">\n\t\t\t\t\t\t<div class=\"elementor-container elementor-column-gap-no\">\n\t\t\t\t\t<div class=\"elementor-column elementor-col-100 elementor-top-column elementor-element elementor-element-9a82575\" data-id=\"9a82575\" data-element_type=\"column\">\n\t\t\t<div class=\"elementor-widget-wrap elementor-element-populated\">\n\t\t\t\t\t\t<div class=\"elementor-element elementor-element-05bb0fb elementor-widget elementor-widget-Elementor-About-widget\" data-id=\"05bb0fb\" data-element_type=\"widget\" data-widget_type=\"Elementor-About-widget.default\">\n\t\t\t\t<div class=\"elementor-widget-container\">\n\t\t\t\t\t<!-- about-area -->\n<section id=\"about\" class=\"about-area about-p pt-50 pb-120 p-relative\">\n    <div class=\"container\">\n        <div class=\"row align-items-center\">\n            <div class=\"col-lg-6 col-md-12 col-sm-12\">\n                <div class=\"s-about-img p-relative\" >\n                    <img decoding=\"async\" src=\"http:\/\/aireausolution.tn\/wp-content\/uploads\/2025\/03\/Depositphotos_482318204_S.jpg\" alt=\"http:\/\/aireausolution.tn\/wp-content\/uploads\/2025\/03\/Depositphotos_482318204_S.jpg\">      \n                <\/div>\n                    <div class=\"about-text second-about\">\n                        <span> <\/span>\n                        <img decoding=\"async\" src=\"https:\/\/cdn-icons-png.flaticon.com\/128\/18936\/18936568.png\">                    <\/div>\n            <\/div>\n            <div class=\"col-lg-6 col-md-12 col-sm-12\">\n                <div class=\"about-content s-about-content pl-30\">\n                        <div class=\"about-title second-title pb-25\">  \n                           <h2>1. Climatisation<\/h2>\n                             <div class=\"line\"> <img decoding=\"async\" src=\"http:\/\/aireausolution.tn\/wp-content\/uploads\/2021\/06\/circle_left-1.png\" alt=\"http:\/\/aireausolution.tn\/wp-content\/uploads\/2021\/06\/circle_left-1.png\"><\/div>\n                        <\/div>\n                            Nous vous accompagnons dans tous vos projets li\u00e9s \u00e0 la climatisation, que vous choisissiez une thermopompe ou une unit\u00e9 murale. <br>Notre \u00e9quipe est l\u00e0 pour vous conseiller et vous guider dans le choix des \u00e9quipements les mieux adapt\u00e9s \u00e0 vos besoins, en tenant compte de :<br><br>\n\n- La taille et la configuration de vos espaces.<br>\n- Vos exigences en mati\u00e8re de confort thermique.<br>\n- Votre budget et vos pr\u00e9f\u00e9rences esth\u00e9tiques.<br><br>\nAvec notre expertise, vous b\u00e9n\u00e9ficiez de syst\u00e8mes de climatisation performants, \u00e9conomiques et durables pour un confort optimal, \u00e9t\u00e9 comme hiver.                             <div class=\"about-content3\">\n                               <div class=\"row\">\n                                 <div class=\"col-md-12\">\n                                   <ul class=\"green\">\n                                                                                   \n                                  <\/ul>\n                                 <\/div>\n                               <\/div>\n                            <\/div>\n                    <div class=\"slider-btn mt-20\">                                          \n                        <a href=\"https:\/\/aireausolution.tn\/index.php\/contact\/\" class=\"btn ss-btn\">Contact<\/a>\t\t\t\t\t\n                    <\/div>\n                <\/div>\n            <\/div>\n        <\/div>\n    <\/div>\n<\/section>\n<!-- about-area-end -->\t\t\t\t<\/div>\n\t\t\t\t<\/div>\n\t\t\t\t\t<\/div>\n\t\t<\/div>\n\t\t\t\t\t<\/div>\n\t\t<\/section>\n\t\t<div class=\"elementor-element elementor-element-9aef799 e-flex e-con-boxed e-con e-parent\" data-id=\"9aef799\" data-element_type=\"container\">\n\t\t\t\t\t<div class=\"e-con-inner\">\n\t\t<div class=\"elementor-element elementor-element-1d0ce74 e-con-full e-flex e-con e-child\" data-id=\"1d0ce74\" data-element_type=\"container\">\n\t\t\t\t<div class=\"elementor-element elementor-element-42c0871 elementor-widget elementor-widget-heading\" data-id=\"42c0871\" data-element_type=\"widget\" data-widget_type=\"heading.default\">\n\t\t\t\t<div class=\"elementor-widget-container\">\n\t\t\t\t\t<h1 class=\"elementor-heading-title elementor-size-default\">2. Pompe \u00e0 chaleur<\/h1>\t\t\t\t<\/div>\n\t\t\t\t<\/div>\n\t\t\t\t<div class=\"elementor-element elementor-element-c71357f elementor-widget elementor-widget-text-editor\" data-id=\"c71357f\" data-element_type=\"widget\" data-widget_type=\"text-editor.default\">\n\t\t\t\t<div class=\"elementor-widget-container\">\n\t\t\t\t\t\t\t\t\t<p>Adoptez une solution \u00e9cologique et \u00e9conomique avec nos pompes \u00e0 chaleur. Nous vous offrons une large gamme de technologies adapt\u00e9es \u00e0 votre int\u00e9rieur et \u00e0 vos besoins. Vous pourrez choisir parmi des unit\u00e9s de diffusion :<\/p><ul><li><strong>Discr\u00e8tes et \u00e9l\u00e9gantes<\/strong> : pour s&#8217;int\u00e9grer parfaitement \u00e0 l&#8217;esth\u00e9tique de votre espace.<\/li><li><strong>Efficaces et performantes<\/strong> : pour un confort thermique optimal tout au long de l&#8217;ann\u00e9e.<\/li><\/ul><p>Nos experts vous accompagnent \u00e0 chaque \u00e9tape, de la s\u00e9lection \u00e0 l&#8217;installation, afin de garantir des performances maximales et une satisfaction totale.<\/p>\t\t\t\t\t\t\t\t<\/div>\n\t\t\t\t<\/div>\n\t\t\t\t<\/div>\n\t\t<div class=\"elementor-element elementor-element-25f9794 e-con-full e-flex e-con e-child\" data-id=\"25f9794\" data-element_type=\"container\">\n\t\t\t\t<div class=\"elementor-element elementor-element-b4a32d7 elementor-widget elementor-widget-image\" data-id=\"b4a32d7\" data-element_type=\"widget\" data-widget_type=\"image.default\">\n\t\t\t\t<div class=\"elementor-widget-container\">\n\t\t\t\t\t\t\t\t\t\t\t\t\t\t\t<img fetchpriority=\"high\" decoding=\"async\" width=\"768\" height=\"752\" src=\"https:\/\/aireausolution.tn\/wp-content\/uploads\/2025\/03\/Nos-solutions-de-traitement-des-eau_small-768x752.jpg\" class=\"attachment-aquato-featured-large size-aquato-featured-large wp-image-2751\" alt=\"\" \/>\t\t\t\t\t\t\t\t\t\t\t\t\t\t\t<\/div>\n\t\t\t\t<\/div>\n\t\t\t\t<\/div>\n\t\t\t\t\t<\/div>\n\t\t\t\t<\/div>\n\t\t\t\t<section class=\"elementor-section elementor-top-section elementor-element elementor-element-7434feb elementor-section-full_width elementor-section-height-default elementor-section-height-default\" data-id=\"7434feb\" data-element_type=\"section\">\n\t\t\t\t\t\t<div class=\"elementor-container elementor-column-gap-no\">\n\t\t\t\t\t<div class=\"elementor-column elementor-col-100 elementor-top-column elementor-element elementor-element-88f834d\" data-id=\"88f834d\" data-element_type=\"column\">\n\t\t\t<div class=\"elementor-widget-wrap elementor-element-populated\">\n\t\t\t\t\t\t<div class=\"elementor-element elementor-element-7ba9b90 elementor-widget elementor-widget-Elementor-About-widget\" data-id=\"7ba9b90\" data-element_type=\"widget\" data-widget_type=\"Elementor-About-widget.default\">\n\t\t\t\t<div class=\"elementor-widget-container\">\n\t\t\t\t\t<!-- about-area -->\n<section id=\"about\" class=\"about-area about-p pt-50 pb-120 p-relative\">\n    <div class=\"container\">\n        <div class=\"row align-items-center\">\n            <div class=\"col-lg-6 col-md-12 col-sm-12\">\n                <div class=\"s-about-img p-relative\" >\n                    <img decoding=\"async\" src=\"http:\/\/aireausolution.tn\/wp-content\/uploads\/2021\/06\/462927436_3962063334023279_2654549185841217588_n.jpg\" alt=\"http:\/\/aireausolution.tn\/wp-content\/uploads\/2021\/06\/462927436_3962063334023279_2654549185841217588_n.jpg\">      \n                <\/div>\n                    <div class=\"about-text second-about\">\n                        <span> <\/span>\n                        <img decoding=\"async\" src=\"https:\/\/cdn-icons-png.flaticon.com\/128\/5921\/5921611.png\">                    <\/div>\n            <\/div>\n            <div class=\"col-lg-6 col-md-12 col-sm-12\">\n                <div class=\"about-content s-about-content pl-30\">\n                        <div class=\"about-title second-title pb-25\">  \n                           <h2>3. Syst\u00e8mes frigorifiques<\/h2>\n                             <div class=\"line\"> <img decoding=\"async\" src=\"http:\/\/aireausolution.tn\/wp-content\/uploads\/2021\/06\/circle_left-1.png\" alt=\"http:\/\/aireausolution.tn\/wp-content\/uploads\/2021\/06\/circle_left-1.png\"><\/div>\n                        <\/div>\n                            Nous sommes sp\u00e9cialis\u00e9s dans la conception, l\u2019installation, la maintenance et le d\u00e9pannage des syst\u00e8mes frigorifiques, pour r\u00e9pondre \u00e0 tous vos besoins professionnels et industriels :<br><br>\n\n- Chambres froides : pour une conservation optimale de vos produits.<br>\n- Entrep\u00f4ts frigorifiques : pour le stockage \u00e0 grande \u00e9chelle.<br>\n- Syst\u00e8mes sur-mesure : adapt\u00e9s \u00e0 vos contraintes sp\u00e9cifiques.<br><br>\nNotre expertise technique et notre engagement envers la qualit\u00e9 vous garantissent des installations fiables, durables et parfaitement adapt\u00e9es \u00e0 vos activit\u00e9s.                             <div class=\"about-content3\">\n                               <div class=\"row\">\n                                 <div class=\"col-md-12\">\n                                   <ul class=\"green\">\n                                                                                   \n                                  <\/ul>\n                                 <\/div>\n                               <\/div>\n                            <\/div>\n                    <div class=\"slider-btn mt-20\">                                          \n                        <a href=\"https:\/\/aireausolution.tn\/index.php\/contact\/\" class=\"btn ss-btn\">Contact<\/a>\t\t\t\t\t\n                    <\/div>\n                <\/div>\n            <\/div>\n        <\/div>\n    <\/div>\n<\/section>\n<!-- about-area-end -->\t\t\t\t<\/div>\n\t\t\t\t<\/div>\n\t\t\t\t\t<\/div>\n\t\t<\/div>\n\t\t\t\t\t<\/div>\n\t\t<\/section>\n\t\t<div class=\"elementor-element elementor-element-7f45a55 e-flex e-con-boxed e-con e-parent\" data-id=\"7f45a55\" data-element_type=\"container\">\n\t\t\t\t\t<div class=\"e-con-inner\">\n\t\t<div class=\"elementor-element elementor-element-e8fedfc e-con-full e-flex e-con e-child\" data-id=\"e8fedfc\" data-element_type=\"container\">\n\t\t\t\t<div class=\"elementor-element elementor-element-c7884ca elementor-widget elementor-widget-heading\" data-id=\"c7884ca\" data-element_type=\"widget\" data-widget_type=\"heading.default\">\n\t\t\t\t<div class=\"elementor-widget-container\">\n\t\t\t\t\t<h1 class=\"elementor-heading-title elementor-size-default\">4. Ventilation<\/h1>\t\t\t\t<\/div>\n\t\t\t\t<\/div>\n\t\t\t\t<div class=\"elementor-element elementor-element-b310d13 elementor-widget elementor-widget-text-editor\" data-id=\"b310d13\" data-element_type=\"widget\" data-widget_type=\"text-editor.default\">\n\t\t\t\t<div class=\"elementor-widget-container\">\n\t\t\t\t\t\t\t\t\t<p>Une bonne ventilation est essentielle pour assurer la qualit\u00e9 de l&#8217;air dans vos espaces. Nous vous proposons des solutions personnalis\u00e9es et adapt\u00e9es \u00e0 vos projets, que ce soit pour des b\u00e2timents r\u00e9sidentiels, commerciaux ou industriels. Nos services incluent :<\/p><ul><li><strong>\u00c9tude et conception<\/strong> : \u00e9valuation de vos besoins pour des syst\u00e8mes sur mesure.<\/li><li><strong>Installation<\/strong> : mise en place de syst\u00e8mes de ventilation performants et durables.<\/li><li><strong>Maintenance et d\u00e9pannage<\/strong> : pour garantir la fiabilit\u00e9 et l&#8217;efficacit\u00e9 de vos installations.<\/li><\/ul><p>Notre priorit\u00e9 est de vous offrir un environnement sain et confortable, tout en veillant \u00e0 l&#8217;efficacit\u00e9 \u00e9nerg\u00e9tique de vos \u00e9quipements.<\/p>\t\t\t\t\t\t\t\t<\/div>\n\t\t\t\t<\/div>\n\t\t\t\t<\/div>\n\t\t<div class=\"elementor-element elementor-element-9d656bd e-con-full e-flex e-con e-child\" data-id=\"9d656bd\" data-element_type=\"container\">\n\t\t\t\t<div class=\"elementor-element elementor-element-4452e4d elementor-widget elementor-widget-image\" data-id=\"4452e4d\" data-element_type=\"widget\" data-widget_type=\"image.default\">\n\t\t\t\t<div class=\"elementor-widget-container\">\n\t\t\t\t\t\t\t\t\t\t\t\t\t\t\t<img decoding=\"async\" width=\"701\" height=\"701\" src=\"https:\/\/aireausolution.tn\/wp-content\/uploads\/2021\/06\/482242739_1207016714459757_1581510722817695152_n.jpg\" class=\"attachment-aquato-featured-large size-aquato-featured-large wp-image-2774\" alt=\"\" srcset=\"https:\/\/aireausolution.tn\/wp-content\/uploads\/2021\/06\/482242739_1207016714459757_1581510722817695152_n.jpg 701w, https:\/\/aireausolution.tn\/wp-content\/uploads\/2021\/06\/482242739_1207016714459757_1581510722817695152_n-300x300.jpg 300w, https:\/\/aireausolution.tn\/wp-content\/uploads\/2021\/06\/482242739_1207016714459757_1581510722817695152_n-150x150.jpg 150w\" sizes=\"(max-width: 701px) 100vw, 701px\" \/>\t\t\t\t\t\t\t\t\t\t\t\t\t\t\t<\/div>\n\t\t\t\t<\/div>\n\t\t\t\t<\/div>\n\t\t\t\t\t<\/div>\n\t\t\t\t<\/div>\n\t\t\t\t<section class=\"elementor-section elementor-top-section elementor-element elementor-element-42983e8 elementor-section-full_width elementor-section-height-default elementor-section-height-default\" data-id=\"42983e8\" data-element_type=\"section\">\n\t\t\t\t\t\t<div class=\"elementor-container elementor-column-gap-no\">\n\t\t\t\t\t<div class=\"elementor-column elementor-col-100 elementor-top-column elementor-element elementor-element-f5febb6\" data-id=\"f5febb6\" data-element_type=\"column\">\n\t\t\t<div class=\"elementor-widget-wrap\">\n\t\t\t\t\t\t\t<\/div>\n\t\t<\/div>\n\t\t\t\t\t<\/div>\n\t\t<\/section>\n\t\t\t\t<section class=\"elementor-section elementor-top-section elementor-element elementor-element-f24cb7c elementor-section-full_width elementor-section-height-default elementor-section-height-default\" data-id=\"f24cb7c\" data-element_type=\"section\">\n\t\t\t\t\t\t<div class=\"elementor-container elementor-column-gap-no\">\n\t\t\t\t\t<div class=\"elementor-column elementor-col-100 elementor-top-column elementor-element elementor-element-2d7a2b4\" data-id=\"2d7a2b4\" data-element_type=\"column\">\n\t\t\t<div class=\"elementor-widget-wrap elementor-element-populated\">\n\t\t\t\t\t\t<div class=\"elementor-element elementor-element-2caa99e elementor-widget elementor-widget-Elementor-counter-widget\" data-id=\"2caa99e\" data-element_type=\"widget\" data-widget_type=\"Elementor-counter-widget.default\">\n\t\t\t\t<div class=\"elementor-widget-container\">\n\t\t\t\t\t\n\n<!-- counter-area -->\n\n<div class=\"counter-area p-relative pt-80 pb-80\" style=\"background: url(http:\/\/aireausolution.tn\/wp-content\/uploads\/2021\/06\/counter-bg.png) no-repeat;background-size: contain;  background-position: center bottom; background-size: cover;\">\n    <div class=\"container\">\n        <div class=\"row align-items-center text-center\">\n                                      <div class=\"col-lg-3 col-md-6 col-sm-12\">\n                    <div class=\"single-counter\">\n                        <div class=\"icon\">\n                           <img decoding=\"async\" src=\"\" alt=\"\">\n                        <\/div>\n                          <div class=\"counter p-relative\">\n                             <span class=\"count\">230<\/span>                             \n                             <p>Clients satisfaits<\/p>\n                          <\/div>\n                    <\/div>\n                <\/div>\n                           <div class=\"col-lg-3 col-md-6 col-sm-12\">\n                    <div class=\"single-counter\">\n                        <div class=\"icon\">\n                           <img decoding=\"async\" src=\"\" alt=\"\">\n                        <\/div>\n                          <div class=\"counter p-relative\">\n                             <span class=\"count\">587<\/span>                             \n                             <p>Livraisons<\/p>\n                          <\/div>\n                    <\/div>\n                <\/div>\n                           <div class=\"col-lg-3 col-md-6 col-sm-12\">\n                    <div class=\"single-counter\">\n                        <div class=\"icon\">\n                           <img decoding=\"async\" src=\"\" alt=\"\">\n                        <\/div>\n                          <div class=\"counter p-relative\">\n                             <span class=\"count\">974<\/span>                             \n                             <p>Installations<\/p>\n                          <\/div>\n                    <\/div>\n                <\/div>\n                           <div class=\"col-lg-3 col-md-6 col-sm-12\">\n                    <div class=\"single-counter\">\n                        <div class=\"icon\">\n                           <img decoding=\"async\" src=\"\" alt=\"\">\n                        <\/div>\n                          <div class=\"counter p-relative\">\n                             <span class=\"count\">687<\/span>                             \n                             <p>Annual Turnover<\/p>\n                          <\/div>\n                    <\/div>\n                <\/div>\n            \n        <\/div>\n    <\/div>\n<\/div>\n\n<!-- counter-area-end -->\t\t\t\t\t\t<\/div>\n\t\t\t\t<\/div>\n\t\t\t\t\t<\/div>\n\t\t<\/div>\n\t\t\t\t\t<\/div>\n\t\t<\/section>\n\t\t\t\t<section class=\"elementor-section elementor-top-section elementor-element elementor-element-43e8cd9 elementor-section-full_width elementor-section-height-default elementor-section-height-default\" data-id=\"43e8cd9\" data-element_type=\"section\">\n\t\t\t\t\t\t<div class=\"elementor-container elementor-column-gap-no\">\n\t\t\t\t\t<div class=\"elementor-column elementor-col-100 elementor-top-column elementor-element elementor-element-5d47a0f\" data-id=\"5d47a0f\" data-element_type=\"column\">\n\t\t\t<div class=\"elementor-widget-wrap\">\n\t\t\t\t\t\t\t<\/div>\n\t\t<\/div>\n\t\t\t\t\t<\/div>\n\t\t<\/section>\n\t\t\t\t<section class=\"elementor-section elementor-top-section elementor-element elementor-element-316297c elementor-section-full_width elementor-section-height-default elementor-section-height-default\" data-id=\"316297c\" data-element_type=\"section\">\n\t\t\t\t\t\t<div class=\"elementor-container elementor-column-gap-no\">\n\t\t\t\t\t<div class=\"elementor-column elementor-col-100 elementor-top-column elementor-element elementor-element-e83daa4\" data-id=\"e83daa4\" data-element_type=\"column\">\n\t\t\t<div class=\"elementor-widget-wrap elementor-element-populated\">\n\t\t\t\t\t\t<div class=\"elementor-element elementor-element-db171e0 elementor-widget elementor-widget-Elementor-testimonial\" data-id=\"db171e0\" data-element_type=\"widget\" data-widget_type=\"Elementor-testimonial.default\">\n\t\t\t\t<div class=\"elementor-widget-container\">\n\t\t\t\t\t\n\n<!-- testimonial-area -->\n<section class=\"testimonial-area p-relative pt-120 pb-90\">\n    <div class=\"container\">\n          <div class=\"row align-items-center\">\n            <div class=\"col-lg-12\">\n                <div class=\"section-title center-align mb-30 text-center\">\n                    <h2>\n                        Que disent nos clients                    <\/h2>\n                    <div class=\"line5\"> <img decoding=\"async\" src=\"http:\/\/aireausolution.tn\/wp-content\/uploads\/2021\/06\/circle_left-1.png\" alt=\"http:\/\/aireausolution.tn\/wp-content\/uploads\/2021\/06\/circle_left-1.png\"><\/div>\n                <\/div>\n               \n            <\/div>\n            <div class=\"col-lg-12\">\n                <div class=\"testimonial-active\">\n                                                                      <div class=\"single-testimonial\">\n                            <div class=\"qt-img\">\n                              <img decoding=\"async\" src=\"http:\/\/wordpress.zcube.in\/aquato\/wp-content\/uploads\/2021\/06\/qt-icon-1.png\" alt=\"http:\/\/wordpress.zcube.in\/aquato\/wp-content\/uploads\/2021\/06\/qt-icon-1.png\">\n                            <\/div>\n                            <h3>Professionnelle et attentive<\/h3>\n                             <p>J'ai r\u00e9cemment fait appel \u00e0 Air Eau Solution pour installer un syst\u00e8me de climatisation dans ma maison. L'\u00e9quipe a \u00e9t\u00e9 professionnelle et attentive \u00e0 mes besoins. Ils ont su me conseiller sur la meilleure solution pour mon espace, et l'installation s'est d\u00e9roul\u00e9e sans accrocs. Je suis ravie de mon nouveau syst\u00e8me, et la diff\u00e9rence est vraiment marquante durant les chaudes journ\u00e9es d'\u00e9t\u00e9 !<\/p>\n                            <div class=\"testi-author\">\n                                 <img decoding=\"async\" src=\"\" alt=\"\">\n                                <div class=\"ta-info\">\n                                      <h6>Amine Y.<\/h6>\n                                      <span>Partagene<\/span>\n                                <\/div>\n                            <\/div>\n                        <\/div>\n                                          <div class=\"single-testimonial\">\n                            <div class=\"qt-img\">\n                              <img decoding=\"async\" src=\"http:\/\/wordpress.zcube.in\/aquato\/wp-content\/uploads\/2021\/06\/qt-icon-1.png\" alt=\"http:\/\/wordpress.zcube.in\/aquato\/wp-content\/uploads\/2021\/06\/qt-icon-1.png\">\n                            <\/div>\n                            <h3>A recommander<\/h3>\n                             <p>Je tenais \u00e0 remercier Air Eau Solution pour leur service de maintenance sur ma pompe \u00e0 chaleur. Le technicien est venu rapidement et a d\u00e9tect\u00e9 un probl\u00e8me mineur avant qu'il ne devienne majeur. Gr\u00e2ce \u00e0 leur expertise, j'ai \u00e9vit\u00e9 des co\u00fbts de r\u00e9paration \u00e9lev\u00e9s. Je me sens en confiance avec eux pour l'entretien r\u00e9gulier de mes syst\u00e8mes. Je les recommande vivement !<\/p>\n                            <div class=\"testi-author\">\n                                 <img decoding=\"async\" src=\"\" alt=\"\">\n                                <div class=\"ta-info\">\n                                      <h6>Yasser B.<\/h6>\n                                      <span>Advertiser<\/span>\n                                <\/div>\n                            <\/div>\n                        <\/div>\n                                          <div class=\"single-testimonial\">\n                            <div class=\"qt-img\">\n                              <img decoding=\"async\" src=\"http:\/\/wordpress.zcube.in\/aquato\/wp-content\/uploads\/2021\/06\/qt-icon-1.png\" alt=\"http:\/\/wordpress.zcube.in\/aquato\/wp-content\/uploads\/2021\/06\/qt-icon-1.png\">\n                            <\/div>\n                            <h3>Merci \u00e0 Vous!<\/h3>\n                             <p>En tant que propri\u00e9taire d'un petit caf\u00e9, la ventilation est cruciale pour le confort de mes clients. J'ai contact\u00e9 Air Eau Solution pour un diagnostic et une mise \u00e0 jour de mon syst\u00e8me. Leur \u00e9quipe a \u00e9t\u00e9 rapide et efficace, proposant des solutions adapt\u00e9es \u00e0 mon budget. Le r\u00e9sultat est impressionnant, et mes clients se sentent beaucoup plus \u00e0 l'aise. Merci pour votre excellent service !<\/p>\n                            <div class=\"testi-author\">\n                                 <img decoding=\"async\" src=\"\" alt=\"\">\n                                <div class=\"ta-info\">\n                                      <h6>Eya J.<\/h6>\n                                      <span>Vargas<\/span>\n                                <\/div>\n                            <\/div>\n                        <\/div>\n                    \n                <\/div>\n            <\/div>\n        <\/div>\n    <\/div>\n<\/section>\n<!-- testimonial-area-end -->\t\t\t\t<\/div>\n\t\t\t\t<\/div>\n\t\t\t\t\t<\/div>\n\t\t<\/div>\n\t\t\t\t\t<\/div>\n\t\t<\/section>\n\t\t\t\t<\/div>\n\t\t","protected":false},"excerpt":{"rendered":"<p>2. Pompe \u00e0 chaleur Adoptez une solution \u00e9cologique et \u00e9conomique avec nos pompes \u00e0 chaleur. Nous vous offrons une large gamme de technologies adapt\u00e9es \u00e0 votre int\u00e9rieur et \u00e0 vos besoins. Vous pourrez choisir parmi des unit\u00e9s de diffusion : Discr\u00e8tes et \u00e9l\u00e9gantes : pour s&#8217;int\u00e9grer parfaitement \u00e0 l&#8217;esth\u00e9tique de votre espace. Efficaces et performantes [&hellip;]<\/p>\n","protected":false},"author":1,"featured_media":0,"parent":0,"menu_order":0,"comment_status":"closed","ping_status":"closed","template":"inside.php","meta":{"footnotes":""},"class_list":["post-24","page","type-page","status-publish","hentry"],"_links":{"self":[{"href":"https:\/\/aireausolution.tn\/index.php\/wp-json\/wp\/v2\/pages\/24","targetHints":{"allow":["GET"]}}],"collection":[{"href":"https:\/\/aireausolution.tn\/index.php\/wp-json\/wp\/v2\/pages"}],"about":[{"href":"https:\/\/aireausolution.tn\/index.php\/wp-json\/wp\/v2\/types\/page"}],"author":[{"embeddable":true,"href":"https:\/\/aireausolution.tn\/index.php\/wp-json\/wp\/v2\/users\/1"}],"replies":[{"embeddable":true,"href":"https:\/\/aireausolution.tn\/index.php\/wp-json\/wp\/v2\/comments?post=24"}],"version-history":[{"count":28,"href":"https:\/\/aireausolution.tn\/index.php\/wp-json\/wp\/v2\/pages\/24\/revisions"}],"predecessor-version":[{"id":2967,"href":"https:\/\/aireausolution.tn\/index.php\/wp-json\/wp\/v2\/pages\/24\/revisions\/2967"}],"wp:attachment":[{"href":"https:\/\/aireausolution.tn\/index.php\/wp-json\/wp\/v2\/media?parent=24"}],"curies":[{"name":"wp","href":"https:\/\/api.w.org\/{rel}","templated":true}]}}