{"id":26,"date":"2021-06-06T07:42:37","date_gmt":"2021-06-06T07:42:37","guid":{"rendered":"http:\/\/localhost:8888\/aquato\/?page_id=26"},"modified":"2025-04-01T00:31:17","modified_gmt":"2025-03-31T22:31:17","slug":"galerie","status":"publish","type":"page","link":"https:\/\/aireausolution.tn\/index.php\/galerie\/","title":{"rendered":"Galerie"},"content":{"rendered":"\t\t<div data-elementor-type=\"wp-page\" data-elementor-id=\"26\" class=\"elementor elementor-26\">\n\t\t\t\t\t\t<section class=\"elementor-section elementor-top-section elementor-element elementor-element-e545b32 elementor-section-full_width elementor-section-height-default elementor-section-height-default\" data-id=\"e545b32\" data-element_type=\"section\">\n\t\t\t\t\t\t<div class=\"elementor-container elementor-column-gap-no\">\n\t\t\t\t\t<div class=\"elementor-column elementor-col-100 elementor-top-column elementor-element elementor-element-d7dcf70\" data-id=\"d7dcf70\" data-element_type=\"column\">\n\t\t\t<div class=\"elementor-widget-wrap elementor-element-populated\">\n\t\t\t\t\t\t<div class=\"elementor-element elementor-element-7df56ed elementor-widget elementor-widget-html\" data-id=\"7df56ed\" data-element_type=\"widget\" data-widget_type=\"html.default\">\n\t\t\t\t<div class=\"elementor-widget-container\">\n\t\t\t\t\t<center><h1>Photos<\/h1>Une s\u00e9lection d'images qui illustrent notre expertise et notre passion. Chaque photo t\u00e9moigne de notre engagement envers la qualit\u00e9 et l'innovation.<\/center>\t\t\t\t<\/div>\n\t\t\t\t<\/div>\n\t\t\t\t<div class=\"elementor-element elementor-element-7e2aeef elementor-widget elementor-widget-Elementor-portfolio-widget\" data-id=\"7e2aeef\" data-element_type=\"widget\" data-widget_type=\"Elementor-portfolio-widget.default\">\n\t\t\t\t<div class=\"elementor-widget-container\">\n\t\t\t\t\t<!-- gallery-area -->\n    <section id=\"work\" class=\"pt-120 pb-90\">\n        <div class=\"container\">                  \n            <div class=\"portfolio \">\n                <div class=\"grid col3\">\n                                                <div class=\"grid-item \">     \n                                <div class=\"box\">\n                                    <a href=\"\" class=\"popup-image\"> <img fetchpriority=\"high\" decoding=\"async\" width=\"717\" height=\"901\" src=\"https:\/\/aireausolution.tn\/wp-content\/uploads\/2025\/04\/WhatsApp-Image-2025-03-26-at-11.42.29.jpeg\" class=\"attachment-post-thumbnail size-post-thumbnail wp-post-image\" alt=\"\" srcset=\"https:\/\/aireausolution.tn\/wp-content\/uploads\/2025\/04\/WhatsApp-Image-2025-03-26-at-11.42.29.jpeg 717w, https:\/\/aireausolution.tn\/wp-content\/uploads\/2025\/04\/WhatsApp-Image-2025-03-26-at-11.42.29-239x300.jpeg 239w\" sizes=\"(max-width: 717px) 100vw, 717px\" \/><\/a>\n                                <\/div>\n                            <\/div>\n                                              <div class=\"grid-item \">     \n                                <div class=\"box\">\n                                    <a href=\"\" class=\"popup-image\"> <img decoding=\"async\" width=\"1600\" height=\"720\" src=\"https:\/\/aireausolution.tn\/wp-content\/uploads\/2025\/04\/WhatsApp-Image-2025-03-26-at-11.31.56.jpeg\" class=\"attachment-post-thumbnail size-post-thumbnail wp-post-image\" alt=\"\" srcset=\"https:\/\/aireausolution.tn\/wp-content\/uploads\/2025\/04\/WhatsApp-Image-2025-03-26-at-11.31.56.jpeg 1600w, https:\/\/aireausolution.tn\/wp-content\/uploads\/2025\/04\/WhatsApp-Image-2025-03-26-at-11.31.56-300x135.jpeg 300w, https:\/\/aireausolution.tn\/wp-content\/uploads\/2025\/04\/WhatsApp-Image-2025-03-26-at-11.31.56-1024x461.jpeg 1024w, https:\/\/aireausolution.tn\/wp-content\/uploads\/2025\/04\/WhatsApp-Image-2025-03-26-at-11.31.56-768x346.jpeg 768w, https:\/\/aireausolution.tn\/wp-content\/uploads\/2025\/04\/WhatsApp-Image-2025-03-26-at-11.31.56-1536x691.jpeg 1536w\" sizes=\"(max-width: 1600px) 100vw, 1600px\" \/><\/a>\n                                <\/div>\n                            <\/div>\n                                              <div class=\"grid-item \">     \n                                <div class=\"box\">\n                                    <a href=\"\" class=\"popup-image\"> <img decoding=\"async\" width=\"1600\" height=\"720\" src=\"https:\/\/aireausolution.tn\/wp-content\/uploads\/2025\/04\/WhatsApp-Image-2025-03-26-at-11.31.56-1.jpeg\" class=\"attachment-post-thumbnail size-post-thumbnail wp-post-image\" alt=\"\" srcset=\"https:\/\/aireausolution.tn\/wp-content\/uploads\/2025\/04\/WhatsApp-Image-2025-03-26-at-11.31.56-1.jpeg 1600w, https:\/\/aireausolution.tn\/wp-content\/uploads\/2025\/04\/WhatsApp-Image-2025-03-26-at-11.31.56-1-300x135.jpeg 300w, https:\/\/aireausolution.tn\/wp-content\/uploads\/2025\/04\/WhatsApp-Image-2025-03-26-at-11.31.56-1-1024x461.jpeg 1024w, https:\/\/aireausolution.tn\/wp-content\/uploads\/2025\/04\/WhatsApp-Image-2025-03-26-at-11.31.56-1-768x346.jpeg 768w, https:\/\/aireausolution.tn\/wp-content\/uploads\/2025\/04\/WhatsApp-Image-2025-03-26-at-11.31.56-1-1536x691.jpeg 1536w\" sizes=\"(max-width: 1600px) 100vw, 1600px\" \/><\/a>\n                                <\/div>\n                            <\/div>\n                                              <div class=\"grid-item \">     \n                                <div class=\"box\">\n                                    <a href=\"\" class=\"popup-image\"> <img loading=\"lazy\" decoding=\"async\" width=\"449\" height=\"598\" src=\"https:\/\/aireausolution.tn\/wp-content\/uploads\/2025\/04\/WhatsApp-Image-2025-03-26-at-11.35.05.jpeg\" class=\"attachment-post-thumbnail size-post-thumbnail wp-post-image\" alt=\"\" srcset=\"https:\/\/aireausolution.tn\/wp-content\/uploads\/2025\/04\/WhatsApp-Image-2025-03-26-at-11.35.05.jpeg 449w, https:\/\/aireausolution.tn\/wp-content\/uploads\/2025\/04\/WhatsApp-Image-2025-03-26-at-11.35.05-225x300.jpeg 225w\" sizes=\"(max-width: 449px) 100vw, 449px\" \/><\/a>\n                                <\/div>\n                            <\/div>\n                                              <div class=\"grid-item \">     \n                                <div class=\"box\">\n                                    <a href=\"\" class=\"popup-image\"> <img loading=\"lazy\" decoding=\"async\" width=\"960\" height=\"720\" src=\"https:\/\/aireausolution.tn\/wp-content\/uploads\/2025\/04\/WhatsApp-Image-2025-03-26-at-11.35.25.jpeg\" class=\"attachment-post-thumbnail size-post-thumbnail wp-post-image\" alt=\"\" srcset=\"https:\/\/aireausolution.tn\/wp-content\/uploads\/2025\/04\/WhatsApp-Image-2025-03-26-at-11.35.25.jpeg 960w, https:\/\/aireausolution.tn\/wp-content\/uploads\/2025\/04\/WhatsApp-Image-2025-03-26-at-11.35.25-300x225.jpeg 300w, https:\/\/aireausolution.tn\/wp-content\/uploads\/2025\/04\/WhatsApp-Image-2025-03-26-at-11.35.25-768x576.jpeg 768w\" sizes=\"(max-width: 960px) 100vw, 960px\" \/><\/a>\n                                <\/div>\n                            <\/div>\n                                              <div class=\"grid-item \">     \n                                <div class=\"box\">\n                                    <a href=\"\" class=\"popup-image\"> <img loading=\"lazy\" decoding=\"async\" width=\"347\" height=\"463\" src=\"https:\/\/aireausolution.tn\/wp-content\/uploads\/2025\/04\/WhatsApp-Image-2025-03-26-at-11.42.28.jpeg\" class=\"attachment-post-thumbnail size-post-thumbnail wp-post-image\" alt=\"\" srcset=\"https:\/\/aireausolution.tn\/wp-content\/uploads\/2025\/04\/WhatsApp-Image-2025-03-26-at-11.42.28.jpeg 347w, https:\/\/aireausolution.tn\/wp-content\/uploads\/2025\/04\/WhatsApp-Image-2025-03-26-at-11.42.28-225x300.jpeg 225w\" sizes=\"(max-width: 347px) 100vw, 347px\" \/><\/a>\n                                <\/div>\n                            <\/div>\n                                              <div class=\"grid-item \">     \n                                <div class=\"box\">\n                                    <a href=\"\" class=\"popup-image\"> <img loading=\"lazy\" decoding=\"async\" width=\"1296\" height=\"729\" src=\"https:\/\/aireausolution.tn\/wp-content\/uploads\/2025\/04\/WhatsApp-Image-2025-03-26-at-11.37.22.jpeg\" class=\"attachment-post-thumbnail size-post-thumbnail wp-post-image\" alt=\"\" srcset=\"https:\/\/aireausolution.tn\/wp-content\/uploads\/2025\/04\/WhatsApp-Image-2025-03-26-at-11.37.22.jpeg 1296w, https:\/\/aireausolution.tn\/wp-content\/uploads\/2025\/04\/WhatsApp-Image-2025-03-26-at-11.37.22-300x169.jpeg 300w, https:\/\/aireausolution.tn\/wp-content\/uploads\/2025\/04\/WhatsApp-Image-2025-03-26-at-11.37.22-1024x576.jpeg 1024w, https:\/\/aireausolution.tn\/wp-content\/uploads\/2025\/04\/WhatsApp-Image-2025-03-26-at-11.37.22-768x432.jpeg 768w\" sizes=\"(max-width: 1296px) 100vw, 1296px\" \/><\/a>\n                                <\/div>\n                            <\/div>\n                                              <div class=\"grid-item \">     \n                                <div class=\"box\">\n                                    <a href=\"\" class=\"popup-image\"> <img loading=\"lazy\" decoding=\"async\" width=\"900\" height=\"1600\" src=\"https:\/\/aireausolution.tn\/wp-content\/uploads\/2025\/04\/WhatsApp-Image-2025-03-26-at-11.42.28-1.jpeg\" class=\"attachment-post-thumbnail size-post-thumbnail wp-post-image\" alt=\"\" srcset=\"https:\/\/aireausolution.tn\/wp-content\/uploads\/2025\/04\/WhatsApp-Image-2025-03-26-at-11.42.28-1.jpeg 900w, https:\/\/aireausolution.tn\/wp-content\/uploads\/2025\/04\/WhatsApp-Image-2025-03-26-at-11.42.28-1-169x300.jpeg 169w, https:\/\/aireausolution.tn\/wp-content\/uploads\/2025\/04\/WhatsApp-Image-2025-03-26-at-11.42.28-1-576x1024.jpeg 576w, https:\/\/aireausolution.tn\/wp-content\/uploads\/2025\/04\/WhatsApp-Image-2025-03-26-at-11.42.28-1-768x1365.jpeg 768w, https:\/\/aireausolution.tn\/wp-content\/uploads\/2025\/04\/WhatsApp-Image-2025-03-26-at-11.42.28-1-864x1536.jpeg 864w\" sizes=\"(max-width: 900px) 100vw, 900px\" \/><\/a>\n                                <\/div>\n                            <\/div>\n                                              <div class=\"grid-item \">     \n                                <div class=\"box\">\n                                    <a href=\"\" class=\"popup-image\"> <img loading=\"lazy\" decoding=\"async\" width=\"1600\" height=\"900\" src=\"https:\/\/aireausolution.tn\/wp-content\/uploads\/2025\/04\/WhatsApp-Image-2025-03-26-at-11.42.28-2.jpeg\" class=\"attachment-post-thumbnail size-post-thumbnail wp-post-image\" alt=\"\" srcset=\"https:\/\/aireausolution.tn\/wp-content\/uploads\/2025\/04\/WhatsApp-Image-2025-03-26-at-11.42.28-2.jpeg 1600w, https:\/\/aireausolution.tn\/wp-content\/uploads\/2025\/04\/WhatsApp-Image-2025-03-26-at-11.42.28-2-300x169.jpeg 300w, https:\/\/aireausolution.tn\/wp-content\/uploads\/2025\/04\/WhatsApp-Image-2025-03-26-at-11.42.28-2-1024x576.jpeg 1024w, https:\/\/aireausolution.tn\/wp-content\/uploads\/2025\/04\/WhatsApp-Image-2025-03-26-at-11.42.28-2-768x432.jpeg 768w, https:\/\/aireausolution.tn\/wp-content\/uploads\/2025\/04\/WhatsApp-Image-2025-03-26-at-11.42.28-2-1536x864.jpeg 1536w\" sizes=\"(max-width: 1600px) 100vw, 1600px\" \/><\/a>\n                                <\/div>\n                            <\/div>\n                                              <div class=\"grid-item \">     \n                                <div class=\"box\">\n                                    <a href=\"\" class=\"popup-image\"> <img loading=\"lazy\" decoding=\"async\" width=\"729\" height=\"1296\" src=\"https:\/\/aireausolution.tn\/wp-content\/uploads\/2025\/04\/WhatsApp-Image-2025-03-26-at-11.42.28-3.jpeg\" class=\"attachment-post-thumbnail size-post-thumbnail wp-post-image\" alt=\"\" srcset=\"https:\/\/aireausolution.tn\/wp-content\/uploads\/2025\/04\/WhatsApp-Image-2025-03-26-at-11.42.28-3.jpeg 729w, https:\/\/aireausolution.tn\/wp-content\/uploads\/2025\/04\/WhatsApp-Image-2025-03-26-at-11.42.28-3-169x300.jpeg 169w, https:\/\/aireausolution.tn\/wp-content\/uploads\/2025\/04\/WhatsApp-Image-2025-03-26-at-11.42.28-3-576x1024.jpeg 576w\" sizes=\"(max-width: 729px) 100vw, 729px\" \/><\/a>\n                                <\/div>\n                            <\/div>\n                                              <div class=\"grid-item \">     \n                                <div class=\"box\">\n                                    <a href=\"\" class=\"popup-image\"> <img loading=\"lazy\" decoding=\"async\" width=\"1280\" height=\"960\" src=\"https:\/\/aireausolution.tn\/wp-content\/uploads\/2025\/04\/WhatsApp-Image-2025-03-26-at-11.29.30.jpeg\" class=\"attachment-post-thumbnail size-post-thumbnail wp-post-image\" alt=\"\" srcset=\"https:\/\/aireausolution.tn\/wp-content\/uploads\/2025\/04\/WhatsApp-Image-2025-03-26-at-11.29.30.jpeg 1280w, https:\/\/aireausolution.tn\/wp-content\/uploads\/2025\/04\/WhatsApp-Image-2025-03-26-at-11.29.30-300x225.jpeg 300w, https:\/\/aireausolution.tn\/wp-content\/uploads\/2025\/04\/WhatsApp-Image-2025-03-26-at-11.29.30-1024x768.jpeg 1024w, https:\/\/aireausolution.tn\/wp-content\/uploads\/2025\/04\/WhatsApp-Image-2025-03-26-at-11.29.30-768x576.jpeg 768w\" sizes=\"(max-width: 1280px) 100vw, 1280px\" \/><\/a>\n                                <\/div>\n                            <\/div>\n                                                                                        <div class=\"grid-item minerals packaging\">     \n                                <div class=\"box\">\n                                    <a href=\"https:\/\/aireausolution.tn\/wp-content\/uploads\/2021\/06\/inner_b3-1.jpg\" class=\"popup-image\"> <img loading=\"lazy\" decoding=\"async\" width=\"1180\" height=\"800\" src=\"https:\/\/aireausolution.tn\/wp-content\/uploads\/2021\/06\/inner_b3-1.jpg\" class=\"attachment-post-thumbnail size-post-thumbnail wp-post-image\" alt=\"\" srcset=\"https:\/\/aireausolution.tn\/wp-content\/uploads\/2021\/06\/inner_b3-1.jpg 1180w, https:\/\/aireausolution.tn\/wp-content\/uploads\/2021\/06\/inner_b3-1-300x203.jpg 300w, https:\/\/aireausolution.tn\/wp-content\/uploads\/2021\/06\/inner_b3-1-1024x694.jpg 1024w, https:\/\/aireausolution.tn\/wp-content\/uploads\/2021\/06\/inner_b3-1-768x521.jpg 768w\" sizes=\"(max-width: 1180px) 100vw, 1180px\" \/><\/a>\n                                <\/div>\n                            <\/div>\n                                                                                        <div class=\"grid-item minerals packaging\">     \n                                <div class=\"box\">\n                                    <a href=\"https:\/\/aireausolution.tn\/wp-content\/uploads\/2021\/06\/483101502_1207851044376324_1851797478783587432_n.jpg\" class=\"popup-image\"> <img loading=\"lazy\" decoding=\"async\" width=\"1600\" height=\"1204\" src=\"https:\/\/aireausolution.tn\/wp-content\/uploads\/2021\/06\/483101502_1207851044376324_1851797478783587432_n.jpg\" class=\"attachment-post-thumbnail size-post-thumbnail wp-post-image\" alt=\"\" srcset=\"https:\/\/aireausolution.tn\/wp-content\/uploads\/2021\/06\/483101502_1207851044376324_1851797478783587432_n.jpg 1600w, https:\/\/aireausolution.tn\/wp-content\/uploads\/2021\/06\/483101502_1207851044376324_1851797478783587432_n-300x226.jpg 300w, https:\/\/aireausolution.tn\/wp-content\/uploads\/2021\/06\/483101502_1207851044376324_1851797478783587432_n-1024x771.jpg 1024w, https:\/\/aireausolution.tn\/wp-content\/uploads\/2021\/06\/483101502_1207851044376324_1851797478783587432_n-768x578.jpg 768w, https:\/\/aireausolution.tn\/wp-content\/uploads\/2021\/06\/483101502_1207851044376324_1851797478783587432_n-1536x1156.jpg 1536w\" sizes=\"(max-width: 1600px) 100vw, 1600px\" \/><\/a>\n                                <\/div>\n                            <\/div>\n                                                                                                             <div class=\"grid-item minerals packaging transport\">     \n                                <div class=\"box\">\n                                    <a href=\"https:\/\/aireausolution.tn\/wp-content\/uploads\/2021\/06\/482242739_1207016714459757_1581510722817695152_n.jpg\" class=\"popup-image\"> <img loading=\"lazy\" decoding=\"async\" width=\"701\" height=\"701\" src=\"https:\/\/aireausolution.tn\/wp-content\/uploads\/2021\/06\/482242739_1207016714459757_1581510722817695152_n.jpg\" class=\"attachment-post-thumbnail size-post-thumbnail wp-post-image\" alt=\"\" srcset=\"https:\/\/aireausolution.tn\/wp-content\/uploads\/2021\/06\/482242739_1207016714459757_1581510722817695152_n.jpg 701w, https:\/\/aireausolution.tn\/wp-content\/uploads\/2021\/06\/482242739_1207016714459757_1581510722817695152_n-300x300.jpg 300w, https:\/\/aireausolution.tn\/wp-content\/uploads\/2021\/06\/482242739_1207016714459757_1581510722817695152_n-150x150.jpg 150w\" sizes=\"(max-width: 701px) 100vw, 701px\" \/><\/a>\n                                <\/div>\n                            <\/div>\n                                                                                        <div class=\"grid-item minerals packaging\">     \n                                <div class=\"box\">\n                                    <a href=\"https:\/\/aireausolution.tn\/wp-content\/uploads\/2021\/06\/482250427_1207016531126442_8496784099576400062_n.jpg\" class=\"popup-image\"> <img loading=\"lazy\" decoding=\"async\" width=\"957\" height=\"960\" src=\"https:\/\/aireausolution.tn\/wp-content\/uploads\/2021\/06\/482250427_1207016531126442_8496784099576400062_n.jpg\" class=\"attachment-post-thumbnail size-post-thumbnail wp-post-image\" alt=\"\" srcset=\"https:\/\/aireausolution.tn\/wp-content\/uploads\/2021\/06\/482250427_1207016531126442_8496784099576400062_n.jpg 957w, https:\/\/aireausolution.tn\/wp-content\/uploads\/2021\/06\/482250427_1207016531126442_8496784099576400062_n-300x300.jpg 300w, https:\/\/aireausolution.tn\/wp-content\/uploads\/2021\/06\/482250427_1207016531126442_8496784099576400062_n-150x150.jpg 150w, https:\/\/aireausolution.tn\/wp-content\/uploads\/2021\/06\/482250427_1207016531126442_8496784099576400062_n-768x770.jpg 768w\" sizes=\"(max-width: 957px) 100vw, 957px\" \/><\/a>\n                                <\/div>\n                            <\/div>\n                                                                                        <div class=\"grid-item minerals packaging\">     \n                                <div class=\"box\">\n                                    <a href=\"https:\/\/aireausolution.tn\/wp-content\/uploads\/2021\/06\/462927436_3962063334023279_2654549185841217588_n.jpg\" class=\"popup-image\"> <img loading=\"lazy\" decoding=\"async\" width=\"720\" height=\"960\" src=\"https:\/\/aireausolution.tn\/wp-content\/uploads\/2021\/06\/462927436_3962063334023279_2654549185841217588_n.jpg\" class=\"attachment-post-thumbnail size-post-thumbnail wp-post-image\" alt=\"\" srcset=\"https:\/\/aireausolution.tn\/wp-content\/uploads\/2021\/06\/462927436_3962063334023279_2654549185841217588_n.jpg 720w, https:\/\/aireausolution.tn\/wp-content\/uploads\/2021\/06\/462927436_3962063334023279_2654549185841217588_n-225x300.jpg 225w\" sizes=\"(max-width: 720px) 100vw, 720px\" \/><\/a>\n                                <\/div>\n                            <\/div>\n                                                                                                             <div class=\"grid-item minerals packaging transport\">     \n                                <div class=\"box\">\n                                    <a href=\"https:\/\/aireausolution.tn\/wp-content\/uploads\/2021\/06\/484375140_1207310127763749_4816453774252325585_n.jpg\" class=\"popup-image\"> <img loading=\"lazy\" decoding=\"async\" width=\"442\" height=\"600\" src=\"https:\/\/aireausolution.tn\/wp-content\/uploads\/2021\/06\/484375140_1207310127763749_4816453774252325585_n.jpg\" class=\"attachment-post-thumbnail size-post-thumbnail wp-post-image\" alt=\"\" srcset=\"https:\/\/aireausolution.tn\/wp-content\/uploads\/2021\/06\/484375140_1207310127763749_4816453774252325585_n.jpg 442w, https:\/\/aireausolution.tn\/wp-content\/uploads\/2021\/06\/484375140_1207310127763749_4816453774252325585_n-221x300.jpg 221w\" sizes=\"(max-width: 442px) 100vw, 442px\" \/><\/a>\n                                <\/div>\n                            <\/div>\n                  \t\n                <\/div>\n            <\/div>\n        <\/div>\n    <\/section>\n<!-- gallery-area-end -->\t\t\t\t<\/div>\n\t\t\t\t<\/div>\n\t\t\t\t<div class=\"elementor-element elementor-element-5cbcce9 elementor-widget elementor-widget-html\" data-id=\"5cbcce9\" data-element_type=\"widget\" data-widget_type=\"html.default\">\n\t\t\t\t<div class=\"elementor-widget-container\">\n\t\t\t\t\t<center><h1>Vid\u00e9os<\/h1>Une N'h\u00e9sitez pas \u00e0 parcourir notre vid\u00e9oth\u00e8que pour vous inspirer et voir comment nous pouvons transformer vos id\u00e9es en r\u00e9alit\u00e9 !<\/center>\t\t\t\t<\/div>\n\t\t\t\t<\/div>\n\t\t\t\t<div class=\"elementor-element elementor-element-d2c22c1 elementor-widget elementor-widget-Elementor-video-widget\" data-id=\"d2c22c1\" data-element_type=\"widget\" data-widget_type=\"Elementor-video-widget.default\">\n\t\t\t\t<div class=\"elementor-widget-container\">\n\t\t\t\t\t\n\n<!-- video-area -->\n<section id=\"video\" class=\"video-area about-p pb-120 p-relative\" style=\"background-image:url(); background-repeat: no-repeat; background-position: center bottom; background-size: 100%;\">\n        <div class=\"container\">\n          <div class=\"row\">    \n            <div class=\"col-12\">\n                <div class=\"s-video-wrap\" style=\"background-image:url(http:\/\/aireausolution.tn\/wp-content\/uploads\/2025\/04\/WhatsApp-Image-2025-03-26-at-11.29.30-1.jpeg)\">\n                    <div class=\"s-video-content\">\n                        <a href=\"https:\/\/vimeo.com\/1071219227?share=copy\" class=\"popup-video mb-50\"><img decoding=\"async\" src=\"http:\/\/aireausolution.tn\/wp-content\/uploads\/2021\/06\/play-button.png\" alt=\"http:\/\/aireausolution.tn\/wp-content\/uploads\/2021\/06\/play-button.png\"><\/a>\n                    <\/div>\n                <\/div>\n            <\/div>\n                \n             <div class=\"col-lg-12 p-relative\">\n                <div class=\"section-title center-align mt-50 text-center\">\n                    <h2>\n                                          <\/h2>\n                    <span class=\"line5\"> <img decoding=\"async\" src=\"\" alt=\"\"><\/span>\n                       <p> <\/p>\n                    <div class=\"slider-btn mt-30\">  \n                       <a href=\"https:\/\/aireausolution.tn\/index.php\/contact\/\" class=\"btn ss-btn\">Contact<\/a>                                         \n                      <\/div>\n                <\/div>\n             <\/div>\n        <\/div>\n      <\/div>\n<\/section>\n<!-- video-area-end -->\t\t\t\t<\/div>\n\t\t\t\t<\/div>\n\t\t\t\t\t<\/div>\n\t\t<\/div>\n\t\t\t\t\t<\/div>\n\t\t<\/section>\n\t\t\t\t<\/div>\n\t\t","protected":false},"excerpt":{"rendered":"<p>Photos Une s\u00e9lection d&#8217;images qui illustrent notre expertise et notre passion. Chaque photo t\u00e9moigne de notre engagement envers la qualit\u00e9 et l&#8217;innovation. Vid\u00e9os Une N&#8217;h\u00e9sitez pas \u00e0 parcourir notre vid\u00e9oth\u00e8que pour vous inspirer et voir comment nous pouvons transformer vos id\u00e9es en r\u00e9alit\u00e9 !<\/p>\n","protected":false},"author":1,"featured_media":0,"parent":0,"menu_order":0,"comment_status":"closed","ping_status":"closed","template":"inside.php","meta":{"footnotes":""},"class_list":["post-26","page","type-page","status-publish","hentry"],"_links":{"self":[{"href":"https:\/\/aireausolution.tn\/index.php\/wp-json\/wp\/v2\/pages\/26","targetHints":{"allow":["GET"]}}],"collection":[{"href":"https:\/\/aireausolution.tn\/index.php\/wp-json\/wp\/v2\/pages"}],"about":[{"href":"https:\/\/aireausolution.tn\/index.php\/wp-json\/wp\/v2\/types\/page"}],"author":[{"embeddable":true,"href":"https:\/\/aireausolution.tn\/index.php\/wp-json\/wp\/v2\/users\/1"}],"replies":[{"embeddable":true,"href":"https:\/\/aireausolution.tn\/index.php\/wp-json\/wp\/v2\/comments?post=26"}],"version-history":[{"count":43,"href":"https:\/\/aireausolution.tn\/index.php\/wp-json\/wp\/v2\/pages\/26\/revisions"}],"predecessor-version":[{"id":2905,"href":"https:\/\/aireausolution.tn\/index.php\/wp-json\/wp\/v2\/pages\/26\/revisions\/2905"}],"wp:attachment":[{"href":"https:\/\/aireausolution.tn\/index.php\/wp-json\/wp\/v2\/media?parent=26"}],"curies":[{"name":"wp","href":"https:\/\/api.w.org\/{rel}","templated":true}]}}