{"id":36,"date":"2021-06-06T07:44:23","date_gmt":"2021-06-06T07:44:23","guid":{"rendered":"http:\/\/localhost:8888\/aquato\/?page_id=36"},"modified":"2026-02-25T15:40:32","modified_gmt":"2026-02-25T14:40:32","slug":"contact","status":"publish","type":"page","link":"https:\/\/aireausolution.tn\/index.php\/contact\/","title":{"rendered":"Contact"},"content":{"rendered":"\t\t<div data-elementor-type=\"wp-page\" data-elementor-id=\"36\" class=\"elementor elementor-36\">\n\t\t\t\t\t\t<section class=\"elementor-section elementor-top-section elementor-element elementor-element-87de0e2 elementor-section-full_width elementor-section-height-default elementor-section-height-default\" data-id=\"87de0e2\" data-element_type=\"section\">\n\t\t\t\t\t\t<div class=\"elementor-container elementor-column-gap-no\">\n\t\t\t\t\t<div class=\"elementor-column elementor-col-100 elementor-top-column elementor-element elementor-element-816294b\" data-id=\"816294b\" data-element_type=\"column\">\n\t\t\t<div class=\"elementor-widget-wrap elementor-element-populated\">\n\t\t\t\t\t\t<div class=\"elementor-element elementor-element-e3f6c66 elementor-widget elementor-widget-Elementor_contacts-sections1-widget\" data-id=\"e3f6c66\" data-element_type=\"widget\" data-widget_type=\"Elementor_contacts-sections1-widget.default\">\n\t\t\t\t<div class=\"elementor-widget-container\">\n\t\t\t\t\t        \n\n<!-- contact-area -->\n    <section id=\"contact\" class=\"contact-area after-none contact-bg pt-120 pb-120 p-relative fix\" >\n        <div class=\"container\">\n            <div class=\"row\">\n                <div class=\"col-lg-5\">\n                    <div class=\"contact-info\" style=\"background: url(http:\/\/aireausolution.tn\/wp-content\/uploads\/2021\/06\/footer-bg-2.png) no-repeat;background-size: cover;\">\n                                                    \n                            <div class=\"single-cta pb-30 mb-30\">\n                              <div class=\"f-cta-icon\">\n                                 <i class=\"far fa-map\"><\/i>\n                               <\/div>\n                                <h5>Adresse<\/h5>   \n                                <p>Rue Al-Hurriya, Bou Hajar, MONASTIR, Tunisie<\/p>\n                            <\/div>\n                           \n                            <div class=\"single-cta pb-30 mb-30\">\n                              <div class=\"f-cta-icon\">\n                                 <i class=\"far fa-phone\"><\/i>\n                               <\/div>\n                                <h5>T\u00e9l\u00e9phone<\/h5>   \n                                <p>GSM (+216) 96 958 309 <br>\nFIX (+216) 73 434 440<\/p>\n                            <\/div>\n                           \n                            <div class=\"single-cta pb-30 mb-30\">\n                              <div class=\"f-cta-icon\">\n                                 <i class=\"far fa-clock\"><\/i>\n                               <\/div>\n                                <h5>Horaires de travail<\/h5>   \n                                <p>De 9h00 \u00e0 18h30 et <br>\nTous les jours de la semaines<\/p>\n                            <\/div>\n                           \n                            <div class=\"single-cta pb-30 mb-30\">\n                              <div class=\"f-cta-icon\">\n                                 <i class=\"far fa-envelope-open\"><\/i>\n                               <\/div>\n                                <h5>Email<\/h5>   \n                                <p>Nous sommes toujours \u00e0 vos c\u00f4t\u00e9s pour r\u00e9soudre vos probl\u00e8mes.\n<br>Envoyez-nous un e-mail\u00a0: <a href=\"#\">contact@aireausolution.tn<\/a><\/p>\n                            <\/div>\n                                             <\/div>\n                <\/div>\n                \n                <div class=\"col-lg-7\">\n                  <div class=\"contact-bg02\">\n                    <div class=\"section-title center-align\">\n                       <h2>\n                           Contact                       <\/h2>\n                            <span class=\"line5\"> <img decoding=\"async\" src=\"http:\/\/aireausolution.tn\/wp-content\/uploads\/2021\/06\/circle_left-1.png\" alt=\"http:\/\/aireausolution.tn\/wp-content\/uploads\/2021\/06\/circle_left-1.png\"><\/span>\n                    <\/div>\n                        <div class=\"contact-form mt-30\">\n                           N'h\u00e9sitez pas \u00e0 nous contacter pour discuter de vos projets et d\u00e9couvrir comment nous pouvons vous aider ! \n<div class=\"wpcf7 no-js\" id=\"wpcf7-f2471-o1\" lang=\"en-US\" dir=\"ltr\" data-wpcf7-id=\"2471\">\n<div class=\"screen-reader-response\"><p role=\"status\" aria-live=\"polite\" aria-atomic=\"true\"><\/p> <ul><\/ul><\/div>\n<form action=\"\/index.php\/wp-json\/wp\/v2\/pages\/36#wpcf7-f2471-o1\" method=\"post\" class=\"wpcf7-form init\" aria-label=\"Contact form\" novalidate=\"novalidate\" data-status=\"init\">\n<div style=\"display: none;\">\n<input type=\"hidden\" name=\"_wpcf7\" value=\"2471\" \/>\n<input type=\"hidden\" name=\"_wpcf7_version\" value=\"6.0.4\" \/>\n<input type=\"hidden\" name=\"_wpcf7_locale\" value=\"en_US\" \/>\n<input type=\"hidden\" name=\"_wpcf7_unit_tag\" value=\"wpcf7-f2471-o1\" \/>\n<input type=\"hidden\" name=\"_wpcf7_container_post\" value=\"0\" \/>\n<input type=\"hidden\" name=\"_wpcf7_posted_data_hash\" value=\"\" \/>\n<\/div>\n<div class=\"row\">\n\t<div class=\"col-lg-6\">\n\t\t<div class=\"contact-field p-relative c-name mb-30\">\n\t\t\t<p><span class=\"wpcf7-form-control-wrap\" data-name=\"fname\"><input size=\"40\" maxlength=\"400\" class=\"wpcf7-form-control wpcf7-text wpcf7-validates-as-required\" aria-required=\"true\" aria-invalid=\"false\" placeholder=\"Pr\u00e9nom\" value=\"\" type=\"text\" name=\"fname\" \/><\/span>\n\t\t\t<\/p>\n\t\t<\/div>\n\t<\/div>\n\t<div class=\"col-lg-6\">\n\t\t<div class=\"contact-field p-relative c-email mb-30\">\n\t\t\t<p><span class=\"wpcf7-form-control-wrap\" data-name=\"lname\"><input size=\"40\" maxlength=\"400\" class=\"wpcf7-form-control wpcf7-text wpcf7-validates-as-required\" aria-required=\"true\" aria-invalid=\"false\" placeholder=\"Nom\" value=\"\" type=\"text\" name=\"lname\" \/><\/span>\n\t\t\t<\/p>\n\t\t<\/div>\n\t<\/div>\n\t<div class=\"col-lg-6\">\n\t\t<div class=\"contact-field p-relative c-subject mb-30\">\n\t\t\t<p><span class=\"wpcf7-form-control-wrap\" data-name=\"email\"><input size=\"40\" maxlength=\"400\" class=\"wpcf7-form-control wpcf7-email wpcf7-validates-as-required wpcf7-text wpcf7-validates-as-email\" aria-required=\"true\" aria-invalid=\"false\" placeholder=\"Email\" value=\"\" type=\"email\" name=\"email\" \/><\/span>\n\t\t\t<\/p>\n\t\t<\/div>\n\t<\/div>\n\t<div class=\"col-lg-6\">\n\t\t<div class=\"contact-field p-relative c-subject mb-30\">\n\t\t\t<p><span class=\"wpcf7-form-control-wrap\" data-name=\"tel\"><input size=\"40\" maxlength=\"400\" class=\"wpcf7-form-control wpcf7-tel wpcf7-validates-as-required wpcf7-text wpcf7-validates-as-tel\" aria-required=\"true\" aria-invalid=\"false\" placeholder=\"T\u00e9l\u00e9phone No.\" value=\"\" type=\"tel\" name=\"tel\" \/><\/span>\n\t\t\t<\/p>\n\t\t<\/div>\n\t<\/div>\n\t<div class=\"col-lg-12\">\n\t\t<div class=\"contact-field p-relative c-option mb-30\">\n\t\t\t<p><span class=\"wpcf7-form-control-wrap\" data-name=\"subject\"><input size=\"40\" maxlength=\"400\" class=\"wpcf7-form-control wpcf7-text wpcf7-validates-as-required\" aria-required=\"true\" aria-invalid=\"false\" placeholder=\"Sujet\" value=\"\" type=\"text\" name=\"subject\" \/><\/span>\n\t\t\t<\/p>\n\t\t<\/div>\n\t<\/div>\n\t<div class=\"col-lg-12\">\n\t\t<div class=\"contact-field p-relative c-message mb-30\">\n\t\t\t<p><span class=\"wpcf7-form-control-wrap\" data-name=\"message\"><textarea cols=\"40\" rows=\"10\" maxlength=\"2000\" class=\"wpcf7-form-control wpcf7-textarea wpcf7-validates-as-required\" aria-required=\"true\" aria-invalid=\"false\" placeholder=\"Votre Message\" name=\"message\"><\/textarea><\/span>\n\t\t\t<\/p>\n\t\t<\/div>\n\t<\/div>\n\t<div class=\"col-lg-12\">\n\t\t<div class=\"slider-btn mb-30\">\n\t\t\t<p><input class=\"wpcf7-form-control wpcf7-submit has-spinner btn ss-btn active\" type=\"submit\" value=\"Envoyer\" \/>\n\t\t\t<\/p>\n\t\t<\/div>\n\t<\/div>\n<\/div><div class=\"wpcf7-response-output\" aria-hidden=\"true\"><\/div>\n<\/form>\n<\/div>\n                        <\/div>\n                   <\/div>\n                <\/div>\n            <\/div>\n        <\/div>\n    <\/section>\n<!-- contact-area-end -->\t\t\t\t<\/div>\n\t\t\t\t<\/div>\n\t\t\t\t\t<\/div>\n\t\t<\/div>\n\t\t\t\t\t<\/div>\n\t\t<\/section>\n\t\t\t\t<section class=\"elementor-section elementor-top-section elementor-element elementor-element-479fc24 elementor-section-full_width elementor-section-height-default elementor-section-height-default\" data-id=\"479fc24\" data-element_type=\"section\">\n\t\t\t\t\t\t<div class=\"elementor-container elementor-column-gap-no\">\n\t\t\t\t\t<div class=\"elementor-column elementor-col-100 elementor-top-column elementor-element elementor-element-3861b85\" data-id=\"3861b85\" data-element_type=\"column\">\n\t\t\t<div class=\"elementor-widget-wrap elementor-element-populated\">\n\t\t\t\t\t\t<div class=\"elementor-element elementor-element-532e016 elementor-widget elementor-widget-google_maps\" data-id=\"532e016\" data-element_type=\"widget\" data-widget_type=\"google_maps.default\">\n\t\t\t\t<div class=\"elementor-widget-container\">\n\t\t\t\t\t\t\t<div class=\"elementor-custom-embed\">\n\t\t\t<iframe loading=\"lazy\"\n\t\t\t\t\tsrc=\"https:\/\/maps.google.com\/maps?q=Rue%20Al-Hurriya%2C%20Bou%20Hajar%2C%20MONASTIR%20Tunisie&#038;t=m&#038;z=14&#038;output=embed&#038;iwloc=near\"\n\t\t\t\t\ttitle=\"Rue Al-Hurriya, Bou Hajar, MONASTIR Tunisie\"\n\t\t\t\t\taria-label=\"Rue Al-Hurriya, Bou Hajar, MONASTIR Tunisie\"\n\t\t\t><\/iframe>\n\t\t<\/div>\n\t\t\t\t\t\t<\/div>\n\t\t\t\t<\/div>\n\t\t\t\t\t<\/div>\n\t\t<\/div>\n\t\t\t\t\t<\/div>\n\t\t<\/section>\n\t\t\t\t<\/div>\n\t\t","protected":false},"excerpt":{"rendered":"","protected":false},"author":1,"featured_media":0,"parent":0,"menu_order":0,"comment_status":"closed","ping_status":"closed","template":"inside.php","meta":{"footnotes":""},"class_list":["post-36","page","type-page","status-publish","hentry"],"_links":{"self":[{"href":"https:\/\/aireausolution.tn\/index.php\/wp-json\/wp\/v2\/pages\/36","targetHints":{"allow":["GET"]}}],"collection":[{"href":"https:\/\/aireausolution.tn\/index.php\/wp-json\/wp\/v2\/pages"}],"about":[{"href":"https:\/\/aireausolution.tn\/index.php\/wp-json\/wp\/v2\/types\/page"}],"author":[{"embeddable":true,"href":"https:\/\/aireausolution.tn\/index.php\/wp-json\/wp\/v2\/users\/1"}],"replies":[{"embeddable":true,"href":"https:\/\/aireausolution.tn\/index.php\/wp-json\/wp\/v2\/comments?post=36"}],"version-history":[{"count":14,"href":"https:\/\/aireausolution.tn\/index.php\/wp-json\/wp\/v2\/pages\/36\/revisions"}],"predecessor-version":[{"id":2961,"href":"https:\/\/aireausolution.tn\/index.php\/wp-json\/wp\/v2\/pages\/36\/revisions\/2961"}],"wp:attachment":[{"href":"https:\/\/aireausolution.tn\/index.php\/wp-json\/wp\/v2\/media?parent=36"}],"curies":[{"name":"wp","href":"https:\/\/api.w.org\/{rel}","templated":true}]}}